{"id":2472,"date":"2025-08-25T07:24:10","date_gmt":"2025-08-25T07:24:10","guid":{"rendered":"https:\/\/www.camping-hauterives.com\/mobil-homes\/"},"modified":"2025-10-22T13:20:05","modified_gmt":"2025-10-22T13:20:05","slug":"mobile-homes","status":"publish","type":"page","link":"https:\/\/www.camping-hauterives.com\/en\/accommodation\/rentals\/mobile-homes\/","title":{"rendered":"Mobile homes"},"content":{"rendered":"","protected":false},"excerpt":{"rendered":"","protected":false},"author":2,"featured_media":0,"parent":2513,"menu_order":0,"comment_status":"closed","ping_status":"closed","template":"","meta":{"_acf_changed":false,"footnotes":""},"class_list":["post-2472","page","type-page","status-publish","hentry"],"acf":[],"yoast_head":"<!-- This site is optimized with the Yoast SEO plugin v27.3 - https:\/\/yoast.com\/product\/yoast-seo-wordpress\/ -->\n<title>Mobile homes - Camping Le Ch\u00e2teau<\/title>\n<meta name=\"description\" content=\"2 or 3 bedroom mobile homes, with or without air conditioning. Perfect for a family holiday in Dr\u00f4me des Collines, near the Palais Id\u00e9al.\" \/>\n<meta name=\"robots\" content=\"index, follow, max-snippet:-1, max-image-preview:large, max-video-preview:-1\" \/>\n<link rel=\"canonical\" href=\"https:\/\/www.camping-hauterives.com\/en\/accommodation\/rentals\/mobile-homes\/\" \/>\n<meta property=\"og:locale\" content=\"en_US\" \/>\n<meta property=\"og:type\" content=\"article\" \/>\n<meta property=\"og:title\" content=\"Mobile homes - Camping Le Ch\u00e2teau\" \/>\n<meta property=\"og:description\" content=\"2 or 3 bedroom mobile homes, with or without air conditioning. Perfect for a family holiday in Dr\u00f4me des Collines, near the Palais Id\u00e9al.\" \/>\n<meta property=\"og:url\" content=\"https:\/\/www.camping-hauterives.com\/en\/accommodation\/rentals\/mobile-homes\/\" \/>\n<meta property=\"og:site_name\" content=\"Camping Le Ch\u00e2teau\" \/>\n<meta property=\"article:publisher\" content=\"https:\/\/www.facebook.com\/CampingLeChateau\/\" \/>\n<meta property=\"article:modified_time\" content=\"2025-10-22T13:20:05+00:00\" \/>\n<meta name=\"twitter:card\" content=\"summary_large_image\" \/>\n<script type=\"application\/ld+json\" class=\"yoast-schema-graph\">{\"@context\":\"https:\\\/\\\/schema.org\",\"@graph\":[{\"@type\":\"WebPage\",\"@id\":\"https:\\\/\\\/www.camping-hauterives.com\\\/en\\\/accommodation\\\/rentals\\\/mobile-homes\\\/\",\"url\":\"https:\\\/\\\/www.camping-hauterives.com\\\/en\\\/accommodation\\\/rentals\\\/mobile-homes\\\/\",\"name\":\"Mobile homes - Camping Le Ch\u00e2teau\",\"isPartOf\":{\"@id\":\"https:\\\/\\\/www.camping-hauterives.com\\\/en\\\/#website\"},\"datePublished\":\"2025-08-25T07:24:10+00:00\",\"dateModified\":\"2025-10-22T13:20:05+00:00\",\"description\":\"2 or 3 bedroom mobile homes, with or without air conditioning. Perfect for a family holiday in Dr\u00f4me des Collines, near the Palais Id\u00e9al.\",\"breadcrumb\":{\"@id\":\"https:\\\/\\\/www.camping-hauterives.com\\\/en\\\/accommodation\\\/rentals\\\/mobile-homes\\\/#breadcrumb\"},\"inLanguage\":\"en-US\",\"potentialAction\":[{\"@type\":\"ReadAction\",\"target\":[\"https:\\\/\\\/www.camping-hauterives.com\\\/en\\\/accommodation\\\/rentals\\\/mobile-homes\\\/\"]}]},{\"@type\":\"BreadcrumbList\",\"@id\":\"https:\\\/\\\/www.camping-hauterives.com\\\/en\\\/accommodation\\\/rentals\\\/mobile-homes\\\/#breadcrumb\",\"itemListElement\":[{\"@type\":\"ListItem\",\"position\":1,\"name\":\"Home\",\"item\":\"https:\\\/\\\/www.camping-hauterives.com\\\/en\\\/\"},{\"@type\":\"ListItem\",\"position\":2,\"name\":\"Mobile homes\"}]},{\"@type\":\"WebSite\",\"@id\":\"https:\\\/\\\/www.camping-hauterives.com\\\/en\\\/#website\",\"url\":\"https:\\\/\\\/www.camping-hauterives.com\\\/en\\\/\",\"name\":\"Camping Le Ch\u00e2teau\",\"description\":\"Camping 3 \u00e9toiles Hauterives\",\"publisher\":{\"@id\":\"https:\\\/\\\/www.camping-hauterives.com\\\/en\\\/#organization\"},\"potentialAction\":[{\"@type\":\"SearchAction\",\"target\":{\"@type\":\"EntryPoint\",\"urlTemplate\":\"https:\\\/\\\/www.camping-hauterives.com\\\/en\\\/?s={search_term_string}\"},\"query-input\":{\"@type\":\"PropertyValueSpecification\",\"valueRequired\":true,\"valueName\":\"search_term_string\"}}],\"inLanguage\":\"en-US\"},{\"@type\":\"Organization\",\"@id\":\"https:\\\/\\\/www.camping-hauterives.com\\\/en\\\/#organization\",\"name\":\"Camping Le Ch\u00e2teau\",\"url\":\"https:\\\/\\\/www.camping-hauterives.com\\\/en\\\/\",\"logo\":{\"@type\":\"ImageObject\",\"inLanguage\":\"en-US\",\"@id\":\"https:\\\/\\\/www.camping-hauterives.com\\\/en\\\/#\\\/schema\\\/logo\\\/image\\\/\",\"url\":\"https:\\\/\\\/www.camping-hauterives.com\\\/wp-content\\\/uploads\\\/2025\\\/11\\\/Camping-Le-Chateau-logo.jpg\",\"contentUrl\":\"https:\\\/\\\/www.camping-hauterives.com\\\/wp-content\\\/uploads\\\/2025\\\/11\\\/Camping-Le-Chateau-logo.jpg\",\"width\":696,\"height\":696,\"caption\":\"Camping Le Ch\u00e2teau\"},\"image\":{\"@id\":\"https:\\\/\\\/www.camping-hauterives.com\\\/en\\\/#\\\/schema\\\/logo\\\/image\\\/\"},\"sameAs\":[\"https:\\\/\\\/www.facebook.com\\\/CampingLeChateau\\\/\",\"https:\\\/\\\/www.instagram.com\\\/campinglechateau\\\/\"]}]}<\/script>\n<!-- \/ Yoast SEO plugin. -->","yoast_head_json":{"title":"Mobile homes - Camping Le Ch\u00e2teau","description":"2 or 3 bedroom mobile homes, with or without air conditioning. Perfect for a family holiday in Dr\u00f4me des Collines, near the Palais Id\u00e9al.","robots":{"index":"index","follow":"follow","max-snippet":"max-snippet:-1","max-image-preview":"max-image-preview:large","max-video-preview":"max-video-preview:-1"},"canonical":"https:\/\/www.camping-hauterives.com\/en\/accommodation\/rentals\/mobile-homes\/","og_locale":"en_US","og_type":"article","og_title":"Mobile homes - Camping Le Ch\u00e2teau","og_description":"2 or 3 bedroom mobile homes, with or without air conditioning. Perfect for a family holiday in Dr\u00f4me des Collines, near the Palais Id\u00e9al.","og_url":"https:\/\/www.camping-hauterives.com\/en\/accommodation\/rentals\/mobile-homes\/","og_site_name":"Camping Le Ch\u00e2teau","article_publisher":"https:\/\/www.facebook.com\/CampingLeChateau\/","article_modified_time":"2025-10-22T13:20:05+00:00","twitter_card":"summary_large_image","schema":{"@context":"https:\/\/schema.org","@graph":[{"@type":"WebPage","@id":"https:\/\/www.camping-hauterives.com\/en\/accommodation\/rentals\/mobile-homes\/","url":"https:\/\/www.camping-hauterives.com\/en\/accommodation\/rentals\/mobile-homes\/","name":"Mobile homes - Camping Le Ch\u00e2teau","isPartOf":{"@id":"https:\/\/www.camping-hauterives.com\/en\/#website"},"datePublished":"2025-08-25T07:24:10+00:00","dateModified":"2025-10-22T13:20:05+00:00","description":"2 or 3 bedroom mobile homes, with or without air conditioning. Perfect for a family holiday in Dr\u00f4me des Collines, near the Palais Id\u00e9al.","breadcrumb":{"@id":"https:\/\/www.camping-hauterives.com\/en\/accommodation\/rentals\/mobile-homes\/#breadcrumb"},"inLanguage":"en-US","potentialAction":[{"@type":"ReadAction","target":["https:\/\/www.camping-hauterives.com\/en\/accommodation\/rentals\/mobile-homes\/"]}]},{"@type":"BreadcrumbList","@id":"https:\/\/www.camping-hauterives.com\/en\/accommodation\/rentals\/mobile-homes\/#breadcrumb","itemListElement":[{"@type":"ListItem","position":1,"name":"Home","item":"https:\/\/www.camping-hauterives.com\/en\/"},{"@type":"ListItem","position":2,"name":"Mobile homes"}]},{"@type":"WebSite","@id":"https:\/\/www.camping-hauterives.com\/en\/#website","url":"https:\/\/www.camping-hauterives.com\/en\/","name":"Camping Le Ch\u00e2teau","description":"Camping 3 \u00e9toiles Hauterives","publisher":{"@id":"https:\/\/www.camping-hauterives.com\/en\/#organization"},"potentialAction":[{"@type":"SearchAction","target":{"@type":"EntryPoint","urlTemplate":"https:\/\/www.camping-hauterives.com\/en\/?s={search_term_string}"},"query-input":{"@type":"PropertyValueSpecification","valueRequired":true,"valueName":"search_term_string"}}],"inLanguage":"en-US"},{"@type":"Organization","@id":"https:\/\/www.camping-hauterives.com\/en\/#organization","name":"Camping Le Ch\u00e2teau","url":"https:\/\/www.camping-hauterives.com\/en\/","logo":{"@type":"ImageObject","inLanguage":"en-US","@id":"https:\/\/www.camping-hauterives.com\/en\/#\/schema\/logo\/image\/","url":"https:\/\/www.camping-hauterives.com\/wp-content\/uploads\/2025\/11\/Camping-Le-Chateau-logo.jpg","contentUrl":"https:\/\/www.camping-hauterives.com\/wp-content\/uploads\/2025\/11\/Camping-Le-Chateau-logo.jpg","width":696,"height":696,"caption":"Camping Le Ch\u00e2teau"},"image":{"@id":"https:\/\/www.camping-hauterives.com\/en\/#\/schema\/logo\/image\/"},"sameAs":["https:\/\/www.facebook.com\/CampingLeChateau\/","https:\/\/www.instagram.com\/campinglechateau\/"]}]}},"_links":{"self":[{"href":"https:\/\/www.camping-hauterives.com\/en\/wp-json\/wp\/v2\/pages\/2472","targetHints":{"allow":["GET"]}}],"collection":[{"href":"https:\/\/www.camping-hauterives.com\/en\/wp-json\/wp\/v2\/pages"}],"about":[{"href":"https:\/\/www.camping-hauterives.com\/en\/wp-json\/wp\/v2\/types\/page"}],"author":[{"embeddable":true,"href":"https:\/\/www.camping-hauterives.com\/en\/wp-json\/wp\/v2\/users\/2"}],"replies":[{"embeddable":true,"href":"https:\/\/www.camping-hauterives.com\/en\/wp-json\/wp\/v2\/comments?post=2472"}],"version-history":[{"count":1,"href":"https:\/\/www.camping-hauterives.com\/en\/wp-json\/wp\/v2\/pages\/2472\/revisions"}],"predecessor-version":[{"id":2476,"href":"https:\/\/www.camping-hauterives.com\/en\/wp-json\/wp\/v2\/pages\/2472\/revisions\/2476"}],"up":[{"embeddable":true,"href":"https:\/\/www.camping-hauterives.com\/en\/wp-json\/wp\/v2\/pages\/2513"}],"wp:attachment":[{"href":"https:\/\/www.camping-hauterives.com\/en\/wp-json\/wp\/v2\/media?parent=2472"}],"curies":[{"name":"wp","href":"https:\/\/api.w.org\/{rel}","templated":true}]}}